{"id":12071,"date":"2023-02-22T20:12:50","date_gmt":"2023-02-22T20:12:50","guid":{"rendered":"https:\/\/fosterpanama.com\/retirarse-en-panama\/"},"modified":"2024-07-09T16:00:24","modified_gmt":"2024-07-09T16:00:24","slug":"retirarse-en-panama","status":"publish","type":"page","link":"https:\/\/fosterpanama.com\/en\/retirarse-en-panama\/","title":{"rendered":"Retire in Panama"},"content":{"rendered":"<div class=\"wpb-content-wrapper\"><p>[vc_row full_width=&#8221;stretch_row_content_no_spaces&#8221; animation_delay=&#8221;200&#8243; conditional_render=&#8221;%5B%7B%22value_role%22%3A%22administrator%22%7D%5D&#8221; animation_type=&#8221;fadeIn&#8221;][vc_column][vc_raw_html]JTNDZGl2JTIwY2xhc3MlM0QlMjJoZWFkZXItbnVldm8lMjIlM0UlMEElMjAlMjAlMjAlMjAlM0NpbWclMjBzcmMlM0QlMjIlMDlodHRwcyUzQSUyRiUyRmZvc3RlcnBhbmFtYS5jb20lMkZ3cC1jb250ZW50JTJGdXBsb2FkcyUyRjUtMS5qcGclMjIlM0UlMEElMjAlMjAlMjAlMjAlM0NkaXYlMjBjbGFzcyUzRCUyMmlubmVyLWNlbnRlci1jb2wlMjIlM0UlMEElMjAlMjAlMjAlMjAlMjAlMjAlMjAlMjAlM0NkaXYlMjBjbGFzcyUzRCUyMmlubmVyLWNlbnRlci1jb2xfaW5mbyUyMiUzRSUyMCUyMCUyMCUyMCUwQSUyMCUyMCUyMCUyMCUyMCUyMCUyMCUyMCUyMCUyMCUyMCUyMCUzQ2gxJTNFUmV0aXJlJTIwaW4lMjBQYW5hbWElM0MlMkZoMSUzRSUwQSUyMCUyMCUyMCUyMCUyMCUyMCUyMCUyMCUzQyUyRmRpdiUzRSUwQSUyMCUyMCUyMCUyMCUzQyUyRmRpdiUzRSUwQSUzQyUyRmRpdiUzRQ==[\/vc_raw_html][\/vc_column][\/vc_row][vc_section css=&#8221;.vc_custom_1689368187005{padding-top: 50px !important;}&#8221; conditional_render=&#8221;%5B%7B%22value_role%22%3A%22administrator%22%7D%5D&#8221;][vc_row full_width=&#8221;stretch_row&#8221; css=&#8221;.vc_custom_1688838791998{background-position: center !important;background-repeat: no-repeat !important;background-size: cover !important;}&#8221; conditional_render=&#8221;%5B%7B%22value_role%22%3A%22administrator%22%7D%5D&#8221; el_class=&#8221;img-porque-invertir&#8221;][vc_column][vc_row_inner wrap_container=&#8221;yes&#8221; el_class=&#8221;position-relative&#8221;][vc_column_inner el_class=&#8221;retirarse-background&#8221;]<div class=\"porto-u-heading pb-3  wpb_custom_602c8c42b17a93d4e9bb71b3f6362e10\" data-hspacer=\"no_spacer\" data-halign=\"left\" style=\"text-align:left\"><div class=\"porto-u-main-heading\"><h2   style=\"color:#ffffff;margin-bottom: 10px;\">At FOSTER PANAMA we advise you on your retirement process<\/h2><\/div><div class=\"porto-u-sub-heading\" style=\"color: #ffffff;\">We work so that your decision to retire in Panama becomes the best option. Our lawyers will assist you in all the procedures so that you can enjoy all the advantages and benefits that Panamanian law offers to retirees.<\/div><\/div>[\/vc_column_inner][vc_column_inner el_class=&#8221;isotipo-white_box&#8221;]<div id=\"porto-icon-107029650869d7d8055eb64\" class=\"porto-just-icon-wrapper porto-sicon-img isotipo-white\" style=\"font-size: 100px;\"><img loading=\"lazy\" decoding=\"async\" class=\"img-icon\" alt=\"\" src=\"https:\/\/fosterpanama.com\/wp-content\/uploads\/vector-white.svg\" width=\"1\" height=\"1\" \/><\/div>[\/vc_column_inner][\/vc_row_inner][\/vc_column][\/vc_row][\/vc_section][vc_section css=&#8221;.vc_custom_1688841749662{padding-bottom: 50px !important;}&#8221; conditional_render=&#8221;%5B%7B%22value_role%22%3A%22administrator%22%7D%5D&#8221;][vc_row][vc_column][vc_row_inner][vc_column_inner el_class=&#8221;color-box uno&#8221; width=&#8221;1\/2&#8243; offset=&#8221;vc_col-md-4&#8243;]<div class=\"porto-sicon-box retirarse_color-box  wpb_custom_6c33321dd2827a23978fdff0e20b063e style_1 top-icon text-start\"><div class=\"porto-sicon-top\"><div id=\"porto-icon-43575375569d7d8055f3a4\" class=\"porto-just-icon-wrapper porto-sicon-img porto-icon-pos-left\" style=\"font-size: 120px;\"><img loading=\"lazy\" decoding=\"async\" class=\"img-icon\" alt=\"\" src=\"https:\/\/fosterpanama.com\/wp-content\/uploads\/republica.svg\" width=\"1\" height=\"1\" \/><\/div><\/div><div class=\"porto-sicon-description\" style=\"color:#ffffff;\">The Republic of Panama is a democratic country divided into ten provinces (Panama, Panama West, Col\u00f3n, Bocas del Toro, Chiriqu\u00ed, Dari\u00e9n, Veraguas, Los Santos, Cocl\u00e9 and Herrera).<\/div> <!-- description --><\/div><!-- porto-sicon-box -->[\/vc_column_inner][vc_column_inner el_class=&#8221;color-box dos&#8221; width=&#8221;1\/2&#8243; offset=&#8221;vc_col-md-4&#8243;]<div class=\"porto-sicon-box retirarse_color-box  wpb_custom_6c33321dd2827a23978fdff0e20b063e style_1 top-icon text-start\"><div class=\"porto-sicon-top\"><div id=\"porto-icon-77454514969d7d8055f91d\" class=\"porto-just-icon-wrapper porto-sicon-img porto-icon-pos-left\" style=\"font-size: 120px;\"><img loading=\"lazy\" decoding=\"async\" class=\"img-icon\" alt=\"\" src=\"https:\/\/fosterpanama.com\/wp-content\/uploads\/situado.svg\" width=\"1\" height=\"1\" \/><\/div><\/div><div class=\"porto-sicon-description\" style=\"color:#ffffff;\">It is located to the southeast of the Central American Isthmus, bordering the Atlantic to the North, the Pacific to the South, Colombia to the East and Costa Rica to the West.<\/div> <!-- description --><\/div><!-- porto-sicon-box -->[\/vc_column_inner][vc_column_inner el_class=&#8221;color-box uno&#8221; width=&#8221;1\/2&#8243; offset=&#8221;vc_col-md-4&#8243;]<div class=\"porto-sicon-box retirarse_color-box  wpb_custom_6c33321dd2827a23978fdff0e20b063e style_1 top-icon text-start\"><div class=\"porto-sicon-top\"><div id=\"porto-icon-63688737569d7d805600f0\" class=\"porto-just-icon-wrapper porto-sicon-img porto-icon-pos-left\" style=\"font-size: 120px;\"><img loading=\"lazy\" decoding=\"async\" class=\"img-icon\" alt=\"\" src=\"https:\/\/fosterpanama.com\/wp-content\/uploads\/Recurso-16.svg\" width=\"1\" height=\"1\" \/><\/div><\/div><div class=\"porto-sicon-description\" style=\"color:#ffffff;\">It has an area of 75,517 km2 and more than 4 million inhabitants.<\/div> <!-- description --><\/div><!-- porto-sicon-box -->[\/vc_column_inner][vc_column_inner el_class=&#8221;color-box dos&#8221; width=&#8221;1\/2&#8243; offset=&#8221;vc_col-md-4&#8243;]<div class=\"porto-sicon-box retirarse_color-box  wpb_custom_6c33321dd2827a23978fdff0e20b063e style_1 top-icon text-start\"><div class=\"porto-sicon-top\"><div id=\"porto-icon-60516573669d7d80560ab8\" class=\"porto-just-icon-wrapper porto-sicon-img porto-icon-pos-left\" style=\"font-size: 120px;\"><img loading=\"lazy\" decoding=\"async\" class=\"img-icon\" alt=\"\" src=\"https:\/\/fosterpanama.com\/wp-content\/uploads\/lengua.svg\" width=\"1\" height=\"1\" \/><\/div><\/div><div class=\"porto-sicon-description\" style=\"color:#ffffff;\">The official language is Spanish, but you will have no problem communicating in English.<\/div> <!-- description --><\/div><!-- porto-sicon-box -->[\/vc_column_inner][vc_column_inner el_class=&#8221;color-box uno&#8221; width=&#8221;1\/2&#8243; offset=&#8221;vc_col-md-4&#8243;]<div class=\"porto-sicon-box retirarse_color-box  wpb_custom_6c33321dd2827a23978fdff0e20b063e style_1 top-icon text-start\"><div class=\"porto-sicon-top\"><div id=\"porto-icon-127216103569d7d80561404\" class=\"porto-just-icon-wrapper porto-sicon-img porto-icon-pos-left\" style=\"font-size: 120px;\"><img loading=\"lazy\" decoding=\"async\" class=\"img-icon\" alt=\"\" src=\"https:\/\/fosterpanama.com\/wp-content\/uploads\/religion.svg\" width=\"1\" height=\"1\" \/><\/div><\/div><div class=\"porto-sicon-description\" style=\"color:#ffffff;\">The majority religion is Catholic and its population is deeply religious. It also has a large Jewish community.<\/div> <!-- description --><\/div><!-- porto-sicon-box -->[\/vc_column_inner][vc_column_inner el_class=&#8221;color-box dos&#8221; width=&#8221;1\/2&#8243; offset=&#8221;vc_col-md-4&#8243;]<div class=\"porto-sicon-box retirarse_color-box  wpb_custom_6c33321dd2827a23978fdff0e20b063e style_1 top-icon text-start\"><div class=\"porto-sicon-top\"><div id=\"porto-icon-29984777269d7d80561c56\" class=\"porto-just-icon-wrapper porto-sicon-img porto-icon-pos-left\" style=\"font-size: 120px;\"><img loading=\"lazy\" decoding=\"async\" class=\"img-icon\" alt=\"\" src=\"https:\/\/fosterpanama.com\/wp-content\/uploads\/noneda.svg\" width=\"1\" height=\"1\" \/><\/div><\/div><div class=\"porto-sicon-description\" style=\"color:#ffffff;\">The official currency is the Balboa, although the circulation currency is the US dollar with which it has parity.<\/div> <!-- description --><\/div><!-- porto-sicon-box -->[\/vc_column_inner][\/vc_row_inner][\/vc_column][\/vc_row][\/vc_section][vc_section][vc_row][vc_column][vc_custom_heading text=&#8221;Panama International Hub of:&#8221; font_container=&#8221;tag:h2|text_align:center&#8221; use_theme_fonts=&#8221;yes&#8221; skin=&#8221;primary&#8221;][\/vc_column][\/vc_row][vc_row][vc_column width=&#8221;1\/2&#8243; offset=&#8221;vc_col-md-4 vc_col-xs-6&#8243; conditional_render=&#8221;%5B%7B%22value_role%22%3A%22administrator%22%7D%5D&#8221; el_class=&#8221;img-hub-panama&#8221;][vc_single_image image=&#8221;12843&#8243; img_size=&#8221;full&#8221; alignment=&#8221;center&#8221;][vc_custom_heading text=&#8221;Estate&#8221; font_container=&#8221;tag:h2|text_align:center&#8221; use_theme_fonts=&#8221;yes&#8221; skin=&#8221;primary&#8221;][\/vc_column][vc_column width=&#8221;1\/2&#8243; offset=&#8221;vc_col-md-4 vc_col-xs-6&#8243; conditional_render=&#8221;%5B%7B%22value_role%22%3A%22administrator%22%7D%5D&#8221; el_class=&#8221;img-hub-panama&#8221;][vc_single_image image=&#8221;12846&#8243; img_size=&#8221;full&#8221; alignment=&#8221;center&#8221;][vc_custom_heading text=&#8221;Services&#8221; font_container=&#8221;tag:h2|text_align:center&#8221; use_theme_fonts=&#8221;yes&#8221; skin=&#8221;primary&#8221;][\/vc_column][vc_column width=&#8221;1\/2&#8243; offset=&#8221;vc_col-md-4 vc_col-xs-6&#8243; conditional_render=&#8221;%5B%7B%22value_role%22%3A%22administrator%22%7D%5D&#8221; el_class=&#8221;img-hub-panama&#8221;][vc_single_image image=&#8221;12969&#8243; img_size=&#8221;full&#8221; alignment=&#8221;center&#8221;][vc_custom_heading text=&#8221;People&#8221; font_container=&#8221;tag:h2|text_align:center&#8221; use_theme_fonts=&#8221;yes&#8221; skin=&#8221;primary&#8221;][\/vc_column][vc_column width=&#8221;1\/2&#8243; offset=&#8221;vc_col-md-4 vc_col-xs-6&#8243; conditional_render=&#8221;%5B%7B%22value_role%22%3A%22administrator%22%7D%5D&#8221; el_class=&#8221;img-hub-panama&#8221;][vc_single_image image=&#8221;12966&#8243; img_size=&#8221;full&#8221; alignment=&#8221;center&#8221;][vc_custom_heading text=&#8221;Trade&#8221; font_container=&#8221;tag:h2|text_align:center&#8221; use_theme_fonts=&#8221;yes&#8221; skin=&#8221;primary&#8221;][\/vc_column][vc_column width=&#8221;1\/2&#8243; el_class=&#8221;img-hub-panama&#8221; conditional_render=&#8221;%5B%7B%22value_role%22%3A%22administrator%22%7D%5D&#8221; offset=&#8221;vc_col-md-4 vc_col-xs-6&#8243;][vc_single_image image=&#8221;12849&#8243; img_size=&#8221;full&#8221; alignment=&#8221;center&#8221;][vc_custom_heading text=&#8221;Channel and Ports&#8221; font_container=&#8221;tag:h2|text_align:center&#8221; use_theme_fonts=&#8221;yes&#8221; skin=&#8221;primary&#8221;][\/vc_column][vc_column width=&#8221;1\/2&#8243; el_class=&#8221;img-hub-panama&#8221; conditional_render=&#8221;%5B%7B%22value_role%22%3A%22administrator%22%7D%5D&#8221; offset=&#8221;vc_col-md-4 vc_col-xs-6&#8243;][vc_single_image image=&#8221;12488&#8243; img_size=&#8221;full&#8221; alignment=&#8221;center&#8221;][vc_custom_heading text=&#8221;Free zone&#8221; font_container=&#8221;tag:h2|text_align:center&#8221; use_theme_fonts=&#8221;yes&#8221; skin=&#8221;primary&#8221;][\/vc_column][vc_column width=&#8221;1\/2&#8243; el_class=&#8221;img-hub-panama&#8221; conditional_render=&#8221;%5B%7B%22value_role%22%3A%22administrator%22%7D%5D&#8221; offset=&#8221;vc_col-md-4 vc_col-xs-6&#8243;][vc_single_image image=&#8221;12852&#8243; img_size=&#8221;full&#8221; alignment=&#8221;center&#8221;][vc_custom_heading text=&#8221;Tourism&#8221; font_container=&#8221;tag:h2|text_align:center&#8221; use_theme_fonts=&#8221;yes&#8221; skin=&#8221;primary&#8221;][\/vc_column][vc_column width=&#8221;1\/2&#8243; el_class=&#8221;img-hub-panama&#8221; conditional_render=&#8221;%5B%7B%22value_role%22%3A%22administrator%22%7D%5D&#8221; offset=&#8221;vc_col-md-4 vc_col-xs-6&#8243;][vc_single_image image=&#8221;12855&#8243; img_size=&#8221;full&#8221; alignment=&#8221;center&#8221;][vc_custom_heading text=&#8221;Banking Center&#8221; font_container=&#8221;tag:h2|text_align:center&#8221; use_theme_fonts=&#8221;yes&#8221; skin=&#8221;primary&#8221;][\/vc_column][vc_column width=&#8221;1\/2&#8243; el_class=&#8221;img-hub-panama&#8221; conditional_render=&#8221;%5B%7B%22value_role%22%3A%22administrator%22%7D%5D&#8221; offset=&#8221;vc_col-md-4 vc_col-xs-6&#8243;][vc_single_image image=&#8221;12858&#8243; img_size=&#8221;full&#8221; alignment=&#8221;center&#8221;][vc_custom_heading text=&#8221;Construction&#8221; font_container=&#8221;tag:h2|text_align:center&#8221; use_theme_fonts=&#8221;yes&#8221; skin=&#8221;primary&#8221;][\/vc_column][vc_column width=&#8221;1\/2&#8243; el_class=&#8221;img-hub-panama&#8221; conditional_render=&#8221;%5B%7B%22value_role%22%3A%22administrator%22%7D%5D&#8221; offset=&#8221;vc_col-md-4 vc_col-xs-6&#8243;][vc_single_image image=&#8221;12861&#8243; img_size=&#8221;full&#8221; alignment=&#8221;center&#8221;][vc_custom_heading text=&#8221;Logistics&#8221; font_container=&#8221;tag:h2|text_align:center&#8221; use_theme_fonts=&#8221;yes&#8221; skin=&#8221;primary&#8221;][\/vc_column][\/vc_row][\/vc_section][vc_section css_animation=&#8221;fadeIn&#8221; conditional_render=&#8221;%5B%7B%22value_role%22%3A%22administrator%22%7D%5D&#8221;][vc_row][vc_column]<div class=\"porto-block\" data-id=\"12403\"><style>.vc_custom_1689012532340{margin-bottom: 0px !important;}.wpb_custom_e98d4912de71c509b7394fb633a5fceb .porto-u-sub-heading{font-weight:900;font-size:30px;line-height:35px;}<\/style><p>[vc_section css_animation=\"fadeIn\" conditional_render=\"%5B%7B%22value_role%22%3A%22administrator%22%7D%5D\"][vc_row full_width=\"stretch_row_content_no_spaces\" animation_delay=\"400\" conditional_render=\"%5B%7B%22value_role%22%3A%22administrator%22%7D%5D\"][vc_column][vc_row_inner content_placement=\"middle\" wrap_container=\"yes\" el_class=\"content-call-to-action\"][vc_column_inner width=\"2\/3\"]<div class=\"porto-u-heading mb-0 text-titulo  wpb_custom_e98d4912de71c509b7394fb633a5fceb\" data-hspacer=\"no_spacer\" data-halign=\"center\" style=\"text-align:center\"><div class=\"porto-u-main-heading\"><h3   style=\"color:#ffffff;margin-bottom: 10px;\">Let us advise you on all your procedures<\/h3><\/div><\/div>[\/vc_column_inner][vc_column_inner width=\"1\/3\"][vc_raw_html el_class=\"center-btn\" css=\".vc_custom_1689012532340{margin-bottom: 0px !important;}\"]JTNDZGl2JTIwY2xhc3MlM0QlMjJidG4tYXJyb3clMjIlM0UlMEElMjAlMjAlMjAlMjAlM0NhJTIwaHJlZiUzRCUyMiUyMiUyMGNsYXNzJTNEJTIyYnRuLWNvbnRhY3RvLXVwJTIyJTNFJTNDc3BhbiUyMGNsYXNzJTNEJTIyc3Bhbi1idG4lMjBibGFjayUyMiUzRSUzQ2klMjBjbGFzcyUzRCUyMmZhcyUyMGZhLWFycm93LXJpZ2h0JTIwbXItMiUyMiUzRSUzQyUyRmklM0UlM0MlMkZzcGFuJTNFQ29udGFjdCUyMFVzJTNDJTJGYSUzRSUwQSUzQyUyRmRpdiUzRQ==[\/vc_raw_html][\/vc_column_inner][\/vc_row_inner][\/vc_column][\/vc_row][\/vc_section]<\/p>\r\n<\/div>[\/vc_column][\/vc_row][\/vc_section]<\/p>\n<\/div>","protected":false},"excerpt":{"rendered":"<p>[vc_row full_width=&#8221;stretch_row_content_no_spaces&#8221; animation_delay=&#8221;200&#8243; conditional_render=&#8221;%5B%7B%22value_role%22%3A%22administrator%22%7D%5D&#8221; animation_type=&#8221;fadeIn&#8221;][vc_column][vc_raw_html]JTNDZGl2JTIwY2xhc3MlM0QlMjJoZWFkZXItbnVldm8lMjIlM0UlMEElMjAlMjAlMjAlMjAlM0NpbWclMjBzcmMlM0QlMjIlMDlodHRwcyUzQSUyRiUyRmZvc3RlcnBhbmFtYS5jb20lMkZ3cC1jb250ZW50JTJGdXBsb2FkcyUyRjUtMS5qcGclMjIlM0UlMEElMjAlMjAlMjAlMjAlM0NkaXYlMjBjbGFzcyUzRCUyMmlubmVyLWNlbnRlci1jb2wlMjIlM0UlMEElMjAlMjAlMjAlMjAlMjAlMjAlMjAlMjAlM0NkaXYlMjBjbGFzcyUzRCUyMmlubmVyLWNlbnRlci1jb2xfaW5mbyUyMiUzRSUyMCUyMCUyMCUyMCUwQSUyMCUyMCUyMCUyMCUyMCUyMCUyMCUyMCUyMCUyMCUyMCUyMCUzQ2gxJTNFUmV0aXJlJTIwaW4lMjBQYW5hbWElM0MlMkZoMSUzRSUwQSUyMCUyMCUyMCUyMCUyMCUyMCUyMCUyMCUzQyUyRmRpdiUzRSUwQSUyMCUyMCUyMCUyMCUzQyUyRmRpdiUzRSUwQSUzQyUyRmRpdiUzRQ==[\/vc_raw_html][\/vc_column][\/vc_row][vc_section css=&#8221;.vc_custom_1689368187005{padding-top: 50px !important;}&#8221; conditional_render=&#8221;%5B%7B%22value_role%22%3A%22administrator%22%7D%5D&#8221;][vc_row full_width=&#8221;stretch_row&#8221; css=&#8221;.vc_custom_1688838791998{background-position: center !important;background-repeat: no-repeat !important;background-size: cover !important;}&#8221; conditional_render=&#8221;%5B%7B%22value_role%22%3A%22administrator%22%7D%5D&#8221; el_class=&#8221;img-porque-invertir&#8221;][vc_column][vc_row_inner wrap_container=&#8221;yes&#8221; el_class=&#8221;position-relative&#8221;][vc_column_inner el_class=&#8221;retirarse-background&#8221;][\/vc_column_inner][vc_column_inner el_class=&#8221;isotipo-white_box&#8221;][\/vc_column_inner][\/vc_row_inner][\/vc_column][\/vc_row][\/vc_section][vc_section css=&#8221;.vc_custom_1688841749662{padding-bottom: 50px !important;}&#8221; conditional_render=&#8221;%5B%7B%22value_role%22%3A%22administrator%22%7D%5D&#8221;][vc_row][vc_column][vc_row_inner][vc_column_inner el_class=&#8221;color-box uno&#8221; width=&#8221;1\/2&#8243; offset=&#8221;vc_col-md-4&#8243;][\/vc_column_inner][vc_column_inner el_class=&#8221;color-box dos&#8221; width=&#8221;1\/2&#8243; offset=&#8221;vc_col-md-4&#8243;][\/vc_column_inner][vc_column_inner el_class=&#8221;color-box uno&#8221; width=&#8221;1\/2&#8243; offset=&#8221;vc_col-md-4&#8243;][\/vc_column_inner][vc_column_inner el_class=&#8221;color-box dos&#8221; width=&#8221;1\/2&#8243; offset=&#8221;vc_col-md-4&#8243;][\/vc_column_inner][vc_column_inner el_class=&#8221;color-box uno&#8221; width=&#8221;1\/2&#8243; offset=&#8221;vc_col-md-4&#8243;][\/vc_column_inner][vc_column_inner el_class=&#8221;color-box dos&#8221; width=&#8221;1\/2&#8243; offset=&#8221;vc_col-md-4&#8243;][\/vc_column_inner][\/vc_row_inner][\/vc_column][\/vc_row][\/vc_section][vc_section][vc_row][vc_column][vc_custom_heading text=&#8221;Panama International Hub of:&#8221; [&hellip;]<\/p>\n","protected":false},"author":1,"featured_media":0,"parent":0,"menu_order":0,"comment_status":"closed","ping_status":"closed","template":"","meta":{"inline_featured_image":false,"footnotes":""},"class_list":["post-12071","page","type-page","status-publish","hentry"],"_links":{"self":[{"href":"https:\/\/fosterpanama.com\/en\/wp-json\/wp\/v2\/pages\/12071","targetHints":{"allow":["GET"]}}],"collection":[{"href":"https:\/\/fosterpanama.com\/en\/wp-json\/wp\/v2\/pages"}],"about":[{"href":"https:\/\/fosterpanama.com\/en\/wp-json\/wp\/v2\/types\/page"}],"author":[{"embeddable":true,"href":"https:\/\/fosterpanama.com\/en\/wp-json\/wp\/v2\/users\/1"}],"replies":[{"embeddable":true,"href":"https:\/\/fosterpanama.com\/en\/wp-json\/wp\/v2\/comments?post=12071"}],"version-history":[{"count":10,"href":"https:\/\/fosterpanama.com\/en\/wp-json\/wp\/v2\/pages\/12071\/revisions"}],"predecessor-version":[{"id":13065,"href":"https:\/\/fosterpanama.com\/en\/wp-json\/wp\/v2\/pages\/12071\/revisions\/13065"}],"wp:attachment":[{"href":"https:\/\/fosterpanama.com\/en\/wp-json\/wp\/v2\/media?parent=12071"}],"curies":[{"name":"wp","href":"https:\/\/api.w.org\/{rel}","templated":true}]}}